{"id":2277,"date":"2021-03-25T03:35:45","date_gmt":"2021-03-25T02:35:45","guid":{"rendered":"https:\/\/songuales.serveravatartmp.com\/datenschutzrichtlinie\/"},"modified":"2021-03-25T03:35:45","modified_gmt":"2021-03-25T02:35:45","slug":"datenschutzrichtlinie","status":"publish","type":"page","link":"https:\/\/www.songual.es\/de\/datenschutzrichtlinie\/","title":{"rendered":"Datenschutzrichtlinie"},"content":{"rendered":"<div class=\"tb-fields-and-text\" data-toolset-blocks-fields-and-text=\"360284519b991feb492b582c7d84725f\">\n<div class=\"et_pb_module et_pb_text et_pb_text_1  et_pb_text_align_left et_pb_bg_layout_light\">&#13;<\/p>\n<div class=\"et_pb_text_inner\">Impressum:&#13;<br \/>\nBetreiber dieser Website:&#13;<br \/>\nRoterpunkt S.L.&#13;<br \/>\nGesch\u00e4ftsf\u00fchrer: Claudia Crotti-Erni\u00a0&#13;<br \/>\n&#13;<br \/>\nAv. Alejandro Rossell\u00f2 23 Atc.&#13;<br \/>\n07002 Palma de Mallorca (Spain)&#13;<br \/>\nE-Mail: mail@roterpunkt.com&#13;<br \/>\nInternet: www.roterpunkt.com&#13;<br \/>\nUmsatzsteuer-Ident-Nr. ESB57790404&#13;<\/p>\n<h2>DATENSCHUTZRICHTLINIEN DER WEBSITE VON PUNTOROSSO UND ROTERPUNKT SL<\/h2>\n<p>&#13;<br \/>\nPuntorosso ist eine registrierte Division von Roterpunkt S.L.&#13;<br \/>\n&#13;<br \/>\nRoterpunkt verpflichtet sich dazu Ihre Privatsph\u00e4re zu sch\u00fctzen und zu respektieren.&#13;<br \/>\n&#13;<br \/>\nDiese Richtlinie (die Teil der Nutzungsbedingungen unserer Website bildet, legt die Basis dar, auf der alle personenbezogenen Daten, die wir von Ihnen erfassen, oder die Sie uns zur Verf\u00fcgung stellen, von uns verarbeitet werden.&#13;<br \/>\n&#13;<br \/>\nBitte lesen Sie Folgendes sorgf\u00e4ltig durch, um unsere Sichtweisen und Praktiken bez\u00fcglich Ihrer pers\u00f6nlichen Daten zu verstehen und wie wir diese behandeln.&#13;<br \/>\n&#13;<br \/>\nALTERSBESCHR\u00c4NKUNGEN&#13;<br \/>\n&#13;<br \/>\nSie m\u00fcssen mindestens 18 Jahre alt sein, um unsere Seiten zu nutzen, ein Nutzerkonto anlegen oder Bestellungen oder Buchungen \u00fcber die Seite vornehmen zu k\u00f6nnen. Falls Sie minderj\u00e4hrig sind, versuchen Sie bitte nicht die Seite zu nutzen, ein Nutzerkonto anzulegen oder Bestellungen oder Buchungen vorzunehmen. Falls wir vermuten, dass Sie nicht 18 Jahre oder \u00e4lter sind, k\u00f6nnen wir Ihre Nutzung der Seite aussetzen oder sperren, bis Sie uns einen glaubhaften Altersnachweis erbracht haben.&#13;<br \/>\n&#13;<br \/>\nSie werden bei jeder Bestellung oder Buchung, die Sie \u00fcber diese Seite vornehmen, gebeten Ihr Alter zu best\u00e4tigen.&#13;<\/p>\n<h3>A. UNSERE WEBSITE<\/h3>\n<p>&#13;<br \/>\n<strong>1. Daten, die wir m\u00f6glicherweise von Ihnen sammeln<\/strong>&#13;<br \/>\n&#13;<br \/>\nWir sammeln und verarbeiten m\u00f6glicherweise die folgenden Daten von Ihnen \u00fcber unsere Website:&#13;<br \/>\n&#13;<br \/>\n1.1\u00a0 Informationen, die Sie uns zur Verf\u00fcgung stellen, indem Sie Formulare auf unserer Website ausf\u00fcllen. Dies beinhaltet Informationen, die zum Zeitpunkt der Anmeldung zur Verwendung unserer Website, der Anmeldung bei unserem Service, des Hochladens von Material oder der Anfrage weiterer Leistungen angegeben wurden. Wir bitten Sie m\u00f6glicherweise auch um Informationen, zum Beispiel, wenn Sie an einem Wettbewerb oder einer Aktion teilnehmen, und wenn Sie ein Problem mit unserer Website melden.&#13;<br \/>\n&#13;<br \/>\n1.2\u00a0 Wenn Sie sich mit uns in Verbindung setzen, f\u00fchren wir m\u00f6glicherweise Aufzeichnungen \u00fcber diese Korrespondenz.&#13;<br \/>\n&#13;<br \/>\n1.3\u00a0 Wir bitten Sie m\u00f6glicherweise darum, Umfragen auszuf\u00fcllen, die wir zu Forschungszwecken verwenden, obwohl Sie zum Ausf\u00fcllen nicht verpflichtet sind.&#13;<br \/>\n&#13;<br \/>\n1.4\u00a0 Einzelheiten von Transaktionen, die Sie \u00fcber unsere Website durchf\u00fchren und der Erf\u00fcllung Ihrer Bestellungen.&#13;<br \/>\n&#13;<br \/>\n1.5\u00a0 Details Ihrer Besuche auf unserer Website einschlie\u00dflich, jedoch nicht beschr\u00e4nkt auf Verkehrsdaten, Weblogs und andere Kommunikationsdaten, gleichg\u00fcltig, ob diese f\u00fcr unsere eigenen Abrechnungszwecke oder anderweitig erforderlich sind und die Ressourcen, auf die Sie zugreifen.&#13;<br \/>\n&#13;<br \/>\n1.6\u00a0 Alle Informationen, die Sie uns in Verbindung mit Ihrer Nutzung des Forums zur Verf\u00fcgung stellen.&#13;<br \/>\n&#13;<br \/>\n<strong>2. IP-Adressen und Cookies<\/strong>&#13;<br \/>\n&#13;<br \/>\n2.1\u00a0Wir sammeln m\u00f6glicherweise Informationen \u00fcber Ihren Computer, einschlie\u00dflich, wo verf\u00fcgbar, Ihrer IP-Adresse, Ihres Betriebssystems und Ihrer Browserart zur Systemadministration und um aggregierte Informationen an unsere Werbetr\u00e4ger weiterzugeben. Dies sind statistische Daten \u00fcber die Browsing-Aktivit\u00e4ten und -Muster unserer Nutzer. Diese identifizieren keine Einzelpersonen.&#13;<br \/>\n&#13;<br \/>\n2.2\u00a0 Aus dem gleichen Grund beziehen wir m\u00f6glicherweise Informationen \u00fcber Ihre allgemeine Internetnutzung durch die Verwendung einer Cookie-Datei, die auf der Festplatte Ihres Computers gespeichert ist. Cookies beinhalten Informationen, die auf die Festplatte Ihres Computers \u00fcbertragen werden. Diese helfen uns dabei unsere Website zu verbessern und einen besseren und pers\u00f6nlicheren Service anzubieten. Sie erm\u00f6glichen es uns:&#13;<\/p>\n<ul>&#13;<\/p>\n<li>die Gr\u00f6\u00dfe unseres Publikums und die Nutzungsmuster zu sch\u00e4tzen;<\/li>\n<p>&#13;<\/p>\n<li>Daten \u00fcber Ihre Pr\u00e4ferenzen zu speichern und es uns so zu gestatten unsere Website gem\u00e4\u00df Ihrer individuellen Interessen anzupassen;<\/li>\n<p>&#13;<\/p>\n<li>Ihre Suchen zu beschleunigen; und<\/li>\n<p>&#13;<\/p>\n<li>Sie zu erkennen, wenn Sie zu unserer Website zur\u00fcckkehren.<\/li>\n<p>&#13;\n<\/ul>\n<p>&#13;<br \/>\n2.3\u00a0 Sie k\u00f6nnen sich weigern Cookies zu akzeptieren, indem Sie die Einstellung auf Ihrem Browser aktivieren, die es Ihnen gestattet, das Setzen von Cookies zu verweigern. Wenn Sie jedoch diese Einstellung ausw\u00e4hlen, k\u00f6nnen Sie m\u00f6glicherweise auf bestimmte Teile unserer Website nicht zugreifen. Sofern Sie Ihre Browsereinstellungen nicht so angepasst haben, dass er diese Cookies verweigert, wird unser System Cookies setzen, wenn Sie sich auf unserer Website anmelden.&#13;<br \/>\n&#13;<br \/>\n2.4\u00a0 Bitte beachten Sie, dass unsere Werbetreibenden m\u00f6glicherweise auch Cookies verwenden, \u00fcber die wir keine Kontrolle haben.&#13;<br \/>\n&#13;<br \/>\n<strong>3. Wo wir Ihre personenbezogenen Daten speichern<\/strong>&#13;<br \/>\n&#13;<br \/>\nWebsite-Daten&#13;<br \/>\nWir speichern alle personenbezogenen Daten, die wir \u00fcber unsere Website sammeln, auf sicheren Servern, die von LiquidWeb (www.liquidweb.com) verwaltet werden und sich in der U.S.A. befinden.&#13;<br \/>\n&#13;<br \/>\nZahlungen&#13;<br \/>\nWir nutzen Stripe (www.stripe.com) oder PayPal (www.paypal.com), um einige Kartenzahlungen zu verarbeiten, die \u00fcber unseren Store erfolgen. Wenn Sie an der Kasse die Option \u201eKreditkarte\u201c ausw\u00e4hlen, leiten wir die Details Ihrer Bestellung an Stripe oder PayPal\u00a0weiter, damit sie die Transaktion abschlie\u00dfen k\u00f6nnen. Stripe oder PayPal speichert einige Ihrer Details zu Referenzwecken f\u00fcr Ihre Transaktion. Diese Daten nutzen wir, wenn wir Ihnen einen Betrag erstatten oder eine Support-Anfrage von Ihnen erhalten. Die Daten dienen ebenfalls dem Schutz vor Betrug.&#13;<br \/>\n&#13;<br \/>\nStripe und PayPal sind\u00a0in den USA ans\u00e4ssiges Unternehmen und gem\u00e4\u00df dem EU-US Privacy Shield Framework zertifiziert. Weitere Informationen finden Sie in der Datenschutzerkl\u00e4rung von Stripe und PayPal.&#13;<br \/>\n&#13;<br \/>\n3.1\u00a0 Die Daten, die wir von Ihnen sammeln werden m\u00f6glicherweise an einen Ort au\u00dferhalb des Europ\u00e4ischen Wirtschaftsraumes (EWR) \u00fcbertragen und dort gespeichert. Die Daten werden m\u00f6glicherweise auch von Mitarbeitern, die f\u00fcr uns oder einen unserer Zulieferer arbeiten und au\u00dferhalb des EWR t\u00e4tig sind, bearbeitet. Diese Mitarbeiter sind unter anderem m\u00f6glicherweise mit der Abwicklung Ihrer Bestellung, der Bearbeitung Ihrer Zahlungsangaben und der Bereitstellung von Unterst\u00fctzungsleistungen besch\u00e4ftigt. Indem Sie Ihre personenbezogenen Daten angeben, stimmen Sie der \u00dcbertragung, Speicherung und Bearbeitung zu. Wir unternehmen alle in angemessener Weise erforderliche Schritte, um sicherzustellen, dass Ihre Daten sicher und in \u00dcbereinstimmung mit diesen Datenschutzrichtlinien behandelt werden.&#13;<br \/>\n&#13;<br \/>\n3.2\u00a0 Wenn wir Ihnen ein Passwort gegeben haben (oder Sie dieses ausgew\u00e4hlt haben), das es Ihnen erm\u00f6glicht, auf bestimmte Teile unserer Website zuzugreifen, tragen Sie die Verantwortung daf\u00fcr dieses Passwort vertraulich zu behandeln.\u00a0 Wir bitten Sie darum niemandem Ihr Passwort zu geben.&#13;<br \/>\n&#13;<br \/>\n3.3\u00a0 Leider ist die \u00dcbertragung von Daten \u00fcber das Internet nicht vollkommen sicher. Obwohl wir unser Bestes tun, um Ihre personenbezogenen Daten zu sch\u00fctzen, k\u00f6nnen wir die Sicherheit Ihrer Daten, die an unsere Website \u00fcbertragen werden, nicht garantieren; alle \u00dcbertragungen erfolgen auf Ihr eigenes Risiko. Sobald wir Ihre Daten erhalten haben, werden wir strenge Verfahren und Sicherheitsfunktionen verwenden, um zu versuchen, den unbefugten Zugriff zu vermeiden.&#13;<br \/>\n&#13;<br \/>\n<strong>4. Wie wir die Daten nutzen<\/strong>&#13;<br \/>\n&#13;<br \/>\n4.1\u00a0 Wir verwenden die Informationen, die wir \u00fcber Sie speichern, auf die folgenden Arten:&#13;<\/p>\n<ul>&#13;<\/p>\n<li>um sicherzustellen, dass Inhalte von unserer Website auf die effektivste Weise f\u00fcr Sie und f\u00fcr Ihren Computer pr\u00e4sentiert werden;<\/li>\n<p>&#13;<\/p>\n<li>um Ihnen Informationen, Produkte oder Leistungen zur Verf\u00fcgung zu stellen, die Sie von uns erbeten haben oder von denen wir der Meinung sind, dass diese Sie m\u00f6glicherweise interessieren und wo Sie uns die Zustimmung gegeben haben, dass Sie zu diesen Zwecken kontaktiert werden k\u00f6nnen;<\/li>\n<p>&#13;<\/p>\n<li>um unsere Verpflichtungen einzugehen, die aus Vertr\u00e4gen entstehen, die zwischen Ihnen und uns eingegangen wurden;<\/li>\n<p>&#13;<\/p>\n<li>um es Ihnen zu gestatten an den interaktiven Funktionen unserer Website teilzunehmen, wenn Sie sich daf\u00fcr entscheiden; und<\/li>\n<p>&#13;<\/p>\n<li>um Sie \u00fcber \u00c4nderungen unseres Service zu informieren.<\/li>\n<p>&#13;\n<\/ul>\n<p>&#13;<br \/>\n4.2\u00a0 Wir verwenden Ihre Daten m\u00f6glicherweise auch, um Ihnen Informationen \u00fcber Waren und Services zu geben, die Sie m\u00f6glicherweise interessieren oder werden es ausgew\u00e4hlten Dritten gestatten Ihre Daten zu verwenden. Wir oder diese Dritten werden Sie dar\u00fcber per E-Mail, Post oder Telefon kontaktieren.&#13;<br \/>\n&#13;<br \/>\n4.3\u00a0 Wenn wir es Dritten gestatten Ihre Daten zu verwenden, werden wir (oder sie) Sie nur auf elektronische Weise kontaktieren, wenn Sie dem zugestimmt haben.&#13;<br \/>\n&#13;<br \/>\n4.4\u00a0 Wenn Sie nicht w\u00fcnschen, dass wir Ihre Daten auf diese Weise verwenden oder dass wir Ihre Angaben an Dritte zu Marketingzwecken weitergeben, kreuzen Sie bitte das diesbez\u00fcgliche K\u00e4stchen auf dem Formular an, auf dem wir Ihren Daten sammeln.&#13;<br \/>\n&#13;<br \/>\n4.5\u00a0 Wir geben keine Informationen \u00fcber identifizierbare Einzelpersonen an unsere Werbetreibenden weiter, aber wir stellen diesen m\u00f6glicherweise aggregierte Informationen \u00fcber unsere Nutzer zur Verf\u00fcgung. Wir verwenden solche aggregierte Informationen m\u00f6glicherweise auch, um Werbetreibenden dabei zu helfen die Art von Publikum zu erreichen, das diese erreichen m\u00f6chten. Wir nutzen die personenbezogenen Daten, die wir von Ihnen erhalten haben um es uns zu erm\u00f6glichen die W\u00fcnsche unserer Werbetreibenden zu erf\u00fcllen, indem wir ihre Werbung diesem Zielpublikum pr\u00e4sentieren.&#13;<br \/>\n&#13;<br \/>\n<strong>5. Weitergabe Ihrer Informationen<\/strong>&#13;<br \/>\n&#13;<br \/>\n5.1\u00a0 Wir geben Ihre personenbezogenen Daten m\u00f6glicherweise an mit unser verbundene Dritte weiter.&#13;<br \/>\n&#13;<br \/>\n5.2\u00a0 Wir geben Ihre personenbezogenen Daten m\u00f6glicherweise an Dritte weiter:&#13;<br \/>\n&#13;<br \/>\n5.2.1\u00a0 falls wir Gesch\u00e4fte oder Verm\u00f6genswerte verkaufen oder kaufen, werden wir Ihre personenbezogenen Daten m\u00f6glicherweise an den zuk\u00fcnftigen Verk\u00e4ufer solcher Gesch\u00e4fte oder Verm\u00f6genswerte weitergeben.&#13;<br \/>\n&#13;<br \/>\n5.2.2\u00a0 Wenn wir verpflichtet sind Ihre personenbezogenen Daten zu ver\u00f6ffentlichen oder zu teilen, um rechtliche Verpflichtungen zu erf\u00fcllen, oder um unsere Nutzungsbedingungen oder relevanten Allgemeinen Gesch\u00e4ftsbedingungen f\u00fcr die Lieferung von Waren, Leistungen und\/oder Informationen und anderen Vereinbarungen zu vollstrecken oder anzuwenden, oder um die Rechte, das Eigentum oder Sicherheit unserer Mitarbeiter, Kunden oder anderen zu sch\u00fctzen.\u00a0 Dies beinhaltet auch den Austausch von Informationen mit anderen Unternehmen und Organisationen zum Zweck des Schutzes vor Betrug und der Minimierung von Kreditrisiko.&#13;<br \/>\n&#13;<br \/>\n<strong>7. Google Analytics<\/strong>&#13;<br \/>\n&#13;<br \/>\nNach Ermessen eines Werbetreibenden d\u00fcrfen Daten von Google Analytics in \u00dcbereinstimmung mit Daten \u00fcber Anzeigen von Roterpunkt, die unter Verwendung des Google Display Network f\u00fcr Werbetreibende gezeigt werden, untersucht werden. Dadurch kann Roterpunkt verstehen, wie anonyme Nutzer mit der Website des Werbetreibenden interagiert haben, nachdem sie die Anzeigen von Roterpunkt gesehen haben.&#13;<br \/>\n&#13;<br \/>\nRoterpunkt verwendet diese Daten m\u00f6glicherweise, um Anwendung in unseren Werbekampagnen zu finden und diese zu optimieren.&#13;<br \/>\n&#13;<br \/>\nBesucher k\u00f6nnen sich gegen unsere Nutzung von Analytics entscheiden, indem Sie die\u00a0<a title=\"Google Analytics Abmeldungsseite\" href=\"https:\/\/tools.google.com\/dlpage\/gaoptout\" target=\"_blank\" rel=\"external noopener noreferrer\">Google Analytics Abmeldungsseite<\/a>\u00a0besuchen.&#13;<br \/>\n&#13;<br \/>\n<strong>8. Google Analytics &amp; Wiedervermarktung<\/strong>&#13;<br \/>\n&#13;<br \/>\nDrittanbieter, einschlie\u00dflich Google, zeigen m\u00f6glicherweise Anzeigen von Roterpunkt auf Websites im Internet.&#13;<br \/>\n&#13;<br \/>\nDrittanbieter, einschlie\u00dflich Google, verwenden Cookies, um Anzeigen auf der Basis von vorherigen Besuchen eines Nutzers der Websites von Roterpunkt zu schalten.&#13;<br \/>\n&#13;<br \/>\nWir verwenden Analytics-Daten m\u00f6glicherweise auch daf\u00fcr, um Werbeanzeigen basierend auf den vorherigen Besuchen eines Nutzers auf unserer Website zu pr\u00e4sentieren, ebenso daf\u00fcr, um Weitervermarktungslisten f\u00fcr individuelle Kampagnen (Weitervermarktungslisten f\u00fcr Suchanzeigen) zu entwickeln.&#13;<br \/>\n&#13;<br \/>\nNutzer k\u00f6nnen die Verwendung von Cookies durch Google verweigern, indem Sie die\u00a0<a title=\"Abmeldungsseite f&#xFC;r Google Werbung.\" href=\"https:\/\/www.google.com\/policies\/technologies\/ads\/\" target=\"_blank\" rel=\"external noopener noreferrer\">Abmeldungsseite f\u00fcr Google-Werbung<\/a>\u00a0besuchen. Zus\u00e4tzlich k\u00f6nnen Sie sich gegen die Verwendung von Cookies durch Drittanbieter entscheiden, indem Sie die\u00a0<a title=\"Abmeldeseite Network Advertising Initiative\" href=\"https:\/\/www.networkadvertising.org\/choices\/\" target=\"_blank\" rel=\"external noopener noreferrer\">Abmeldeseite der Network Advertising Initiative<\/a>\u00a0besuchen.&#13;<\/p>\n<h3>C. ALLGEMEIN<\/h3>\n<p>&#13;<br \/>\n<strong>9. Ihre Rechte<\/strong>&#13;<br \/>\n&#13;<br \/>\n9.1\u00a0 Sie haben das Recht dazu, uns darum zu bitten Ihre pers\u00f6nlichen Daten nicht zu Marketingzwecken zu verarbeiten. Wir informieren Sie normalerweise (vor Sammlung Ihrer Daten), wenn wir die Absicht haben ihre Daten f\u00fcr solche Zwecke zu verwenden oder wenn wir die Absicht haben Ihre Informationen zu solchen Zwecken an Dritte weiterzugeben. Sie k\u00f6nnen Ihr Recht aus\u00fcben, eine solche Bearbeitung zu verhindern, indem Sie bestimmte K\u00e4stchen auf den von uns verwendeten Formularen zur Sammlung Ihrer Daten ankreuzen. Sie k\u00f6nnen dieses Recht jederzeit aus\u00fcben, indem Sie uns \u00fcber\u00a0<a title=\"Informations-E-Mail\" href=\"mailto:mail@roterpunkt.com\" target=\"_blank\" rel=\"external noopener noreferrer\">mail@roterpunkt.com<\/a>\u00a0kontaktieren.&#13;<br \/>\n&#13;<br \/>\n9.2\u00a0 Unsere Website oder unsere App enthalten m\u00f6glicherweise von Zeit zu Zeit Links zu und von Websites unserer Partnernetzwerke, Werbetreibenden und angeschlossenen Unternehmen. Wenn Sie einem Link zu einer dieser Websites folgen, beachten Sie bitte, dass diese Websites ihre eigenen Datenschutzrichtlinien haben und dass wir keine Verantwortung oder Haftung f\u00fcr diese Richtlinien \u00fcbernehmen. Bitte pr\u00fcfen Sie diese Richtlinien, bevor Sie personenbezogene Daten an diese Websites \u00fcbermitteln.&#13;<br \/>\n&#13;<br \/>\n9.3\u00a0 Wir geben Ihnen m\u00f6glicherweise die Gelegenheit sich f\u00fcr zus\u00e4tzliche Newsletter oder Werbekommunikationen anzumelden, die Ihnen per E-Mail zugesendet werden. Wenn Sie sich daf\u00fcr entschieden haben oder sich auf andere Weise daf\u00fcr qualifizieren diese Formen der Kommunikation zu erhalten, und nicht l\u00e4nger unseren Newsletter oder andere Werbekommunikationen per E-Mail erhalten m\u00f6chten, k\u00f6nnen Sie sich von deren Erhalt abmelden, indem Sie die in jeder Kommunikation enthaltenen Anweisungen befolgen.&#13;<br \/>\n&#13;<br \/>\n<strong>10. Zugriff auf Informationen<\/strong>&#13;<br \/>\n&#13;<br \/>\nDer Data Protection Act 1988 [britisches Datenschutzgesetz von 1988] gibt Ihnen das Recht auf die Daten zuzugreifen, die wir \u00fcber Sie gespeichert haben.&#13;<br \/>\n&#13;<br \/>\nWie k\u00f6nnen Sie auf Ihre personenbezogenen Daten zugreifen?&#13;<br \/>\nAusk\u00fcnfte zu den von uns \u00fcber Sie gespeicherten personenbezogenen Daten k\u00f6nnen Sie per E-Mail an uns \u00fcber mail@roterpunkt.com anfordern oder auch schriftlich an folgender Stelle:&#13;<br \/>\n&#13;<br \/>\nRoterpunkt S.L.&#13;<br \/>\nAv. Alejandro Rossell\u00f2 23 Atc.&#13;<br \/>\n07002 Palma de Mallorca&#13;<br \/>\nBaleares \u2013 Spain&#13;<br \/>\n&#13;<br \/>\nGeben Sie bitte Ihren Namen und Ihre E-Mail-Adresse an sowie eine kurze Beschreibung der ben\u00f6tigten Informationen. Hierdurch k\u00f6nnen wir Ihre Anfrage so genau wie m\u00f6glich beantworten.&#13;<br \/>\n&#13;<br \/>\nZum Schutz aller unserer Kunden ergreifen wir s\u00e4mtliche angemessenen Schritte zur Verifizierung Ihrer Identit\u00e4t, bevor wir Ihnen Einzelheiten \u00fcber eventuell \u00fcber Sie gespeicherte Daten mitteilen. Wir bem\u00fchen uns, entsprechende Anfragen innerhalb von 20 Arbeitstagen zu beantworten.&#13;<br \/>\n&#13;<br \/>\nWie k\u00f6nnen Sie Ihre personenbezogenen Daten \u00e4ndern?&#13;<br \/>\nSollten Sie feststellen, dass die von uns f\u00fcr Sie gespeicherten personenbezogenen Daten teilweise nicht korrekt oder unvollst\u00e4ndig sind, k\u00f6nnen Sie diese Angaben \u00e4ndern, indem Sie uns eine entsprechende Anfrage an mail@roterpunkt.com schicken. Erl\u00e4utern Sie die \u00c4nderungen bitte so detailliert wie m\u00f6glich, damit wir Ihre Anfrage leichter verarbeiten k\u00f6nnen.&#13;<br \/>\n&#13;<br \/>\nIhr Recht auf L\u00f6schung der Daten&#13;<br \/>\nSie k\u00f6nnen uns bitten, Ihr Konto und alle personenbezogenen Daten zu l\u00f6schen, die wir von Ihnen gesammelt haben, indem Sie uns eine E-Mail an mail@roterpunkt.com schicken. Geben Sie bitte Ihren Namen und Ihre E-Mail-Adresse an, damit wir Ihre Anfrage leichter verarbeiten k\u00f6nnen.&#13;<br \/>\n&#13;<br \/>\nBeachten Sie bitte, dass Sie nach der L\u00f6schung Ihres Kontos nicht mehr auf das Konto zugreifen k\u00f6nnen und sich das Konto auch nicht mehr wiederherstellen l\u00e4sst. Stellen Sie daher bitte sicher, dass Sie alle Eink\u00e4ufe, die Sie behalten m\u00f6chten, als Backup-Kopien an einem sicheren Ort gespeichert haben, bevor Sie fortfahren.&#13;<br \/>\n&#13;<br \/>\n<strong>11. \u00c4nderungen unserer Datenschutzrichtlinien<\/strong>&#13;<br \/>\n&#13;<br \/>\nAlle \u00c4nderungen, die wir m\u00f6glicherweise in Zukunft an unseren Datenschutzrichtlinien vornehmen, werden auf diese Seite gestellt und, wo angemessen, werden Sie per E-Mail informiert.&#13;<br \/>\n&#13;<br \/>\n<strong>12. Kontakt<\/strong>&#13;<br \/>\n&#13;<br \/>\nFragen, Kommentare und Anfragen bez\u00fcglich dieser Datenschutzrichtlinie sind willkommen und sollten an\u00a0<a title=\"Informations-E-Mail\" href=\"mailto:mail@roterpunkt.com\" target=\"_blank\" rel=\"external noopener noreferrer\">mail@roterpunkt.com<\/a>\u00a0gerichtet werden.&#13;<br \/>\n&#13;<br \/>\nLetzte Aktualisierung: 10. April 2018&#13;<br \/>\n&#13;\n<\/div>\n<p>&#13;\n<\/p><\/div>\n<p>&#13;<\/p>\n<div class=\"et_pb_module et_pb_text et_pb_text_2  et_pb_text_align_left et_pb_bg_layout_light\">&#13;<\/p>\n<div class=\"et_pb_text_inner\">&#13;<br \/>\n&#13;<br \/>\n<strong>Informationen zur Einwilligung in die externe Verarbeitung personenbezogener Daten zur Bezahlung.<\/strong>&#13;<br \/>\nWir holen Ihre Zustimmung zur Verarbeitung personenbezogener Daten im Namen von Woocommerce, Stripe und Paypal ein.&#13;<br \/>\n&#13;<br \/>\nDer Zweck der Verarbeitung personenbezogener Daten besteht darin, diese Unternehmen in die Lage zu versetzen, Zahlungen f\u00fcr das von Ihnen \u00fcber unsere Website bestellte Produkt abzuwickeln. Sie k\u00f6nnen ihre Datenschutzrichtlinien unter den jeweiligen Links einsehen:&#13;<br \/>\n&#13;<br \/>\nhttps:\/\/stripe.com\/en-es\/privacy&#13;<br \/>\nhttps:\/\/www.paypal.com\/us\/webapps\/mpp\/ua\/privacy-full&#13;<br \/>\nhttps:\/\/automattic.com\/privacy\/&#13;<br \/>\n&#13;\n<\/div>\n<p>&#13;\n<\/p><\/div>\n<p>&#13;<\/p>\n<div class=\"et_pb_module et_pb_text et_pb_text_3  et_pb_text_align_left et_pb_bg_layout_light\">&#13;<\/p>\n<div class=\"et_pb_text_inner\">Informationen \u00fcber die Zustimmung zu Albacross Verarbeitung von pers\u00f6nlichen Daten\u00a0&#13;<br \/>\n&#13;<br \/>\nWir stimmen Ihrer Einwilligung in die Verarbeitung personenbezogener Daten im Namen von Albacross Nordic AB (\u201eAlbacross\u201c) zu.&#13;<br \/>\n&#13;<br \/>\nInformationen aus Cookies, die in Ihrem Ger\u00e4t gespeichert sind und die als personenbezogene Daten gelten, werden von Albacross verarbeitet, einem Unternehmen, das Lead-Identification- und Ad-Targeting-Dienste mit B\u00fcros in Stockholm und Krakau anbietet. Bitte sehen Sie unten f\u00fcr die vollst\u00e4ndigen Kontaktdaten.&#13;<br \/>\n&#13;<br \/>\nDer Zweck der Verarbeitung personenbezogener Daten besteht darin, dass Albacross dadurch in die Lage versetzt wird, die f\u00fcr uns und unsere Website erbrachten Dienstleistungen (z. B. \u201eLead-Generierung\u201c) zu verbessern, indem Daten in ihre Datenbank \u00fcber Unternehmen aufgenommen werden.&#13;<br \/>\n&#13;<br \/>\nDie Daten, die Albacross zu diesem Zweck sammelt und nutzt, sind Informationen \u00fcber die IP-Adresse, von der aus Sie unsere Website besucht haben, sowie technische Informationen, die es Albacross erm\u00f6glichen, verschiedene Besucher von derselben IP-Adresse zu unterscheiden. Albacross speichert die Domain aus der Formulareingabe, um die IP-Adresse mit Ihrem Arbeitgeber zu korrelieren.&#13;<br \/>\n&#13;<br \/>\nSie k\u00f6nnen Ihre Zustimmung zu dieser Verarbeitung jederzeit widerrufen. Der Widerruf kann entweder durch Kontaktaufnahme mit uns oder durch direkte Kontaktaufnahme mit Albacross erfolgen.&#13;<br \/>\n&#13;<br \/>\nAlbacross Nordic AB&#13;<br \/>\nFirmenreg. keine 556942-7338&#13;<br \/>\nKungsgatan 26&#13;<br \/>\n111 35 Stockholm, Schweden&#13;<br \/>\nwww.albacross.com \u2013 kontakt@albacross.com&#13;<br \/>\n&#13;<br \/>\n<strong>Informationen \u00fcber Cookies, die in Ihre Cookie-Richtlinie \/ Cookie-Tabelle eingef\u00fcgt werden<\/strong>&#13;<br \/>\n&#13;<br \/>\nArt des Cookies&#13;<br \/>\npersistent cookie&#13;<br \/>\npersistent cookie&#13;<br \/>\n&#13;<br \/>\nCOOKIE NAME&#13;<br \/>\nnQ_cookieId&#13;<br \/>\nnQ_visitId&#13;<br \/>\n&#13;<br \/>\nDOMAIN&#13;<br \/>\nClientdom\u00e4ne&#13;<br \/>\nClientdom\u00e4ne&#13;<br \/>\n&#13;<br \/>\nZWECK UND DATEN, DIE GESPEICHERT WERDEN&#13;<br \/>\nIdentifizieren Sie den Benutzer&#13;<br \/>\nIdentifizieren der Benutzersitzung&#13;<br \/>\n&#13;<br \/>\nL\u00c4UFT AB&#13;<br \/>\n1 Jahr&#13;<br \/>\n1 Jahr&#13;<br \/>\n&#13;\n<\/div>\n<p>&#13;\n<\/p><\/div>\n<\/div>\n","protected":false},"excerpt":{"rendered":"","protected":false},"author":1,"featured_media":0,"parent":0,"menu_order":0,"comment_status":"closed","ping_status":"closed","template":"","meta":{"footnotes":""},"class_list":["post-2277","page","type-page","status-publish","hentry"],"blocksy_meta":{"styles_descriptor":{"styles":{"desktop":"","tablet":"","mobile":""},"google_fonts":[],"version":6}},"brizy_media":[],"_links":{"self":[{"href":"https:\/\/www.songual.es\/de\/wp-json\/wp\/v2\/pages\/2277","targetHints":{"allow":["GET"]}}],"collection":[{"href":"https:\/\/www.songual.es\/de\/wp-json\/wp\/v2\/pages"}],"about":[{"href":"https:\/\/www.songual.es\/de\/wp-json\/wp\/v2\/types\/page"}],"author":[{"embeddable":true,"href":"https:\/\/www.songual.es\/de\/wp-json\/wp\/v2\/users\/1"}],"replies":[{"embeddable":true,"href":"https:\/\/www.songual.es\/de\/wp-json\/wp\/v2\/comments?post=2277"}],"version-history":[{"count":1,"href":"https:\/\/www.songual.es\/de\/wp-json\/wp\/v2\/pages\/2277\/revisions"}],"predecessor-version":[{"id":2278,"href":"https:\/\/www.songual.es\/de\/wp-json\/wp\/v2\/pages\/2277\/revisions\/2278"}],"wp:attachment":[{"href":"https:\/\/www.songual.es\/de\/wp-json\/wp\/v2\/media?parent=2277"}],"curies":[{"name":"wp","href":"https:\/\/api.w.org\/{rel}","templated":true}]}}