{"id":2324,"date":"2021-03-25T12:55:11","date_gmt":"2021-03-25T11:55:11","guid":{"rendered":"https:\/\/songuales.serveravatartmp.com\/home\/"},"modified":"2025-03-04T18:04:44","modified_gmt":"2025-03-04T17:04:44","slug":"home","status":"publish","type":"page","link":"https:\/\/www.songual.es\/de\/","title":{"rendered":"Home"},"content":{"rendered":"\n<h3 class=\"tb-heading\" data-toolset-blocks-heading=\"5867f6b70718f97e9bf7dcd17bc7d34c\" data-last-update=\"1.4\">Die neue Trendlocation auf Mallorca<\/h3>\n\n<figure class=\"wp-block-image tb-image tb-image-dynamic tb-image-frame-none alignfull\" data-toolset-blocks-image=\"74bdeb03d9628200b1b73c3d321243e2\"><a href=\"https:\/\/www.songual.es\/wp-content\/uploads\/2023\/05\/homeone_front1.jpg\" data-lightbox=\"pic-gallery\"><img decoding=\"async\" width=\"1024\" height=\"749\" loading=\"lazy\" src=\"https:\/\/www.songual.es\/wp-content\/uploads\/2023\/05\/homeone_front1-1024x749.jpg\" alt=\"\" class=\"wp-image-2908\" srcset=\"https:\/\/www.songual.es\/wp-content\/uploads\/2023\/05\/homeone_front1-1024x749.jpg 1024w, https:\/\/www.songual.es\/wp-content\/uploads\/2023\/05\/homeone_front1-300x219.jpg 300w, https:\/\/www.songual.es\/wp-content\/uploads\/2023\/05\/homeone_front1-768x562.jpg 768w, https:\/\/www.songual.es\/wp-content\/uploads\/2023\/05\/homeone_front1-1536x1123.jpg 1536w, https:\/\/www.songual.es\/wp-content\/uploads\/2023\/05\/homeone_front1.jpg 1920w\" sizes=\"auto, (max-width: 1024px) 100vw, 1024px\" \/><\/a><\/figure>\n\n<div class=\"wp-block-toolset-blocks-container tb-container\" data-toolset-blocks-container=\"e841abbe666f33704d998131a1e57e42\">\n<h2 class=\"tb-heading\" data-toolset-blocks-heading=\"a23dd7fa6db5d485d6a9497dbf8b8404\" data-last-update=\"1.4\">Ein Platz an der Sonne kann mehr sein als ein Traum<\/h2>\n\n\n\n<div class=\"tb-fields-and-text\" data-toolset-blocks-fields-and-text=\"1ac6e9422b5df6c19261a5a3e63a8133\"><p style=\"text-align: center;\">Songual ist ein Boutique-Wohnprojekt auf Mallorca, in einem neuen Gebiet mit hochwertigen Landh\u00e4usern, Villen und Gr\u00fcnfl\u00e4chen.<br\/>Luftig und pr\u00e4chtig wird es den Besitzern das Beste aus beiden Welten bieten &#8211; ein perfekter R\u00fcckzugsort auf dem Land und dank der N\u00e4he zu Palma de Mallorca nur wenige Minuten von der Stadt entfernt.<\/p><\/div>\n<\/div>\n\n<div class=\"wp-block-cover alignfull is-light has-parallax\" style=\"min-height:500px;aspect-ratio:unset;\"><span aria-hidden=\"true\" class=\"wp-block-cover__background has-background-dim-0 has-background-dim\" style=\"background-color:#232323\"><\/span><div class=\"wp-block-cover__image-background wp-image-1855 has-parallax\" style=\"background-position:50% 50%;background-image:url(https:\/\/www.songual.es\/wp-content\/uploads\/2021\/03\/IMG_0735.jpeg)\"><\/div><div class=\"wp-block-cover__inner-container is-layout-flow wp-block-cover-is-layout-flow\">\n<p class=\"has-text-align-center has-large-font-size\"><\/p>\n<\/div><\/div>\n\n<div class=\"wp-block-toolset-blocks-container tb-container\" data-toolset-blocks-container=\"91d80fe3d5e44bd3f1dab8be047709d5\">\n<div id=\"details\" class=\"tb-fields-and-text\" data-toolset-blocks-fields-and-text=\"7c111a087ad3b9cc32201c5c3e6854f2\"><h1 style=\"text-align: center;\">Hochwertige H\u00e4user<\/h1>&#13;\n<p style=\"text-align: center;\">Gebaut nach den besten Baustandards<\/p><\/div>\n\n\n\n<hr class=\"wp-block-separator has-css-opacity\"\/>\n\n\n\n<div class=\"wp-block-toolset-blocks-grid tb-grid\" data-toolset-blocks-grid=\"de435622bfc2c0af0b8d4efabdb30709\">\n<div class=\"wp-block-toolset-blocks-grid-column tb-grid-column tb-grid-align-top\" data-toolset-blocks-grid-column=\"3034fbe886c11054e95b46b09d3e4112\">\n<figure class=\"wp-block-image tb-image tb-image-media tb-image-frame-none\" data-toolset-blocks-image=\"c118a440f75632affe0c98248a4b94f6\"><img decoding=\"async\" width=\"48\" height=\"48\" loading=\"lazy\" src=\"https:\/\/www.songual.es\/wp-content\/uploads\/2021\/03\/icons8-grip-lines-48.png\" alt=\"\" class=\"wp-image-2329\"\/><\/figure>\n\n\n<div class=\"tb-fields-and-text\" data-toolset-blocks-fields-and-text=\"5945d3a497e807d3275c55386661cd89\">\n<h3>Modernes Konzept<\/h3>\n<p>&#13;<br \/>\nW\u00e4hrend viele \u00e4ltere H\u00e4user nicht mit Blick auf die Zukunft gebaut wurden, entwickeln wir unsere neuen H\u00e4user und Wohnanlagen so, dass sie in jeder Hinsicht zukunftsorientiert sind.<\/p><\/div>\n<\/div>\n\n\n\n<div class=\"wp-block-toolset-blocks-grid-column tb-grid-column tb-grid-align-top\" data-toolset-blocks-grid-column=\"3034fbe886c11054e95b46b09d3e4112\">\n<figure class=\"wp-block-image tb-image tb-image-media tb-image-frame-none\" data-toolset-blocks-image=\"66d9af57a9e12fb43d8fb8517e15a68e\"><img decoding=\"async\" width=\"48\" height=\"48\" loading=\"lazy\" src=\"https:\/\/www.songual.es\/wp-content\/uploads\/2021\/03\/icons8-star-48.png\" alt=\"\" class=\"wp-image-2332\"\/><\/figure>\n\n\n<div class=\"tb-fields-and-text\" data-toolset-blocks-fields-and-text=\"3e1d2592ce20bdf2bf813c9dfa44c991\">\n<h3>Feine Details<\/h3>\n<p>&#13;<br \/>\nWir folgen strengen Qualit\u00e4tskontrollma\u00dfnahmen, um Pr\u00e4zision und Detailgenauigkeit in jedem Schritt des Bauprozesses zu gew\u00e4hrleisten.<\/p><\/div>\n\n\n\n<p><\/p>\n<\/div>\n\n\n\n<div class=\"wp-block-toolset-blocks-grid-column tb-grid-column tb-grid-align-top\" data-toolset-blocks-grid-column=\"3034fbe886c11054e95b46b09d3e4112\">\n<figure class=\"wp-block-image tb-image tb-image-media tb-image-frame-none\" data-toolset-blocks-image=\"007bf6105ab628c1eca6a53334bab250\"><img decoding=\"async\" width=\"48\" height=\"48\" loading=\"lazy\" src=\"https:\/\/www.songual.es\/wp-content\/uploads\/2021\/03\/icons8-interior-48.png\" alt=\"\" class=\"wp-image-2335\"\/><\/figure>\n\n\n<div class=\"tb-fields-and-text\" data-toolset-blocks-fields-and-text=\"3e1d2592ce20bdf2bf813c9dfa44c991\">\n<h3>Interior Design<\/h3>\n<p>&#13;<br \/>\nWir verbinden uns mit unseren K\u00e4ufern auf einer Ebene, die andere Bauherren einfach nicht haben. Wir arbeiten eng mit Ihnen zusammen, um Ihre Visionen f\u00fcr die Inneneinrichtung Ihres Hauses zum Leben zu erwecken.<\/p><\/div>\n<\/div>\n\n\n\n<div class=\"wp-block-toolset-blocks-grid-column tb-grid-column tb-grid-align-top\" data-toolset-blocks-grid-column=\"364faa1759b1911dbc81c9bb74bc8204\">\n<figure class=\"wp-block-image tb-image tb-image-media tb-image-frame-none\" data-toolset-blocks-image=\"877dc0de41555518ca06d825f2ffdda6\"><img decoding=\"async\" width=\"48\" height=\"48\" loading=\"lazy\" src=\"https:\/\/www.songual.es\/wp-content\/uploads\/2021\/03\/icons8-recycle-48.png\" alt=\"\" class=\"wp-image-2338\"\/><\/figure>\n\n\n<div class=\"tb-fields-and-text\" data-toolset-blocks-fields-and-text=\"c222100d730b6e0ae023e986c5003448\">\n<h3>Energieeffizient<\/h3>\n<p>&#13;<br \/>\nUnter Ausnutzung der lokalen Klima- und Standortbedingungen bauen wir hocheffiziente H\u00e4user mit erneuerbaren Energiesystemen.<\/p><\/div>\n<\/div>\n<\/div>\n<\/div>\n\n<figure class=\"wp-block-image tb-image tb-image-dynamic tb-image-frame-none\" data-toolset-blocks-image=\"e03488744713cfb51418de6d467f5092\"><img decoding=\"async\" width=\"1920\" height=\"1404\" loading=\"lazy\" src=\"https:\/\/www.songual.es\/wp-content\/uploads\/2023\/05\/homeone_front2.jpg\" alt=\"\" class=\"wp-image-2899\" srcset=\"https:\/\/www.songual.es\/wp-content\/uploads\/2023\/05\/homeone_front2.jpg 1920w, https:\/\/www.songual.es\/wp-content\/uploads\/2023\/05\/homeone_front2-300x219.jpg 300w, https:\/\/www.songual.es\/wp-content\/uploads\/2023\/05\/homeone_front2-1024x749.jpg 1024w, https:\/\/www.songual.es\/wp-content\/uploads\/2023\/05\/homeone_front2-768x562.jpg 768w, https:\/\/www.songual.es\/wp-content\/uploads\/2023\/05\/homeone_front2-1536x1123.jpg 1536w\" sizes=\"auto, (max-width: 1920px) 100vw, 1920px\" \/><\/figure>\n\n<div class=\"wp-block-toolset-blocks-container tb-container\" data-toolset-blocks-container=\"affb6477325e362b2cf758e59bfb9d52\">\n<div class=\"tb-fields-and-text\" data-toolset-blocks-fields-and-text=\"3e1d2592ce20bdf2bf813c9dfa44c991\"><h3 style=\"text-align: center;\">NICHT NUR ENTSPANNEN<\/h3>&#13;\n<p style=\"text-align: center;\">Eine Welt voller Vorteile<\/p><\/div>\n\n\n\n<div class=\"wp-block-toolset-blocks-grid tb-grid\" data-toolset-blocks-grid=\"843311d7aafb77d222d67f5aa1fe28a4\">\n<div class=\"wp-block-toolset-blocks-grid-column tb-grid-column tb-grid-align-top\" data-toolset-blocks-grid-column=\"cd6e58c5387b4bd3fc958f739432b196\">\n<div class=\"wp-block-toolset-blocks-container tb-container\" data-toolset-blocks-container=\"140a44de8676bcb6e04009566915f4db\"><div class=\"tb-container-inner\">\n<figure class=\"wp-block-image tb-image tb-image-media tb-image-frame-none\" data-toolset-blocks-image=\"fb4ab6de54931bb1d7c11126df816c1f\"><img decoding=\"async\" width=\"300\" height=\"199\" loading=\"lazy\" src=\"https:\/\/www.songual.es\/wp-content\/uploads\/2020\/12\/airport-300x199.jpg\" alt=\"\" class=\"wp-image-313\" srcset=\"https:\/\/www.songual.es\/wp-content\/uploads\/2020\/12\/airport-300x199.jpg 300w, https:\/\/www.songual.es\/wp-content\/uploads\/2020\/12\/airport-1024x680.jpg 1024w, https:\/\/www.songual.es\/wp-content\/uploads\/2020\/12\/airport-768x510.jpg 768w, https:\/\/www.songual.es\/wp-content\/uploads\/2020\/12\/airport-1536x1020.jpg 1536w, https:\/\/www.songual.es\/wp-content\/uploads\/2020\/12\/airport-2048x1360.jpg 2048w, https:\/\/www.songual.es\/wp-content\/uploads\/2020\/12\/airport-scaled.jpg 1920w\" sizes=\"auto, (max-width: 300px) 100vw, 300px\" \/><\/figure>\n\n\n\n<div class=\"tb-fields-and-text\" data-toolset-blocks-fields-and-text=\"ef25be5270aa0f76080ef34d2f08d965\"><h5 style=\"text-align: center;\"><strong>VERNETZT<\/strong><\/h5>&#13;\n&#13;\n<hr\/>&#13;\n<p style=\"text-align: center;\">In der N\u00e4he von Mallorcas Flughafen Son Sant Joan, der t\u00e4glich ein breites Netz an internationalen Verbindungen bietet.<\/p><\/div>\n<\/div><\/div>\n<\/div>\n\n\n\n<div class=\"wp-block-toolset-blocks-grid-column tb-grid-column tb-grid-align-top\" data-toolset-blocks-grid-column=\"3034fbe886c11054e95b46b09d3e4112\">\n<div class=\"wp-block-toolset-blocks-container tb-container\" data-toolset-blocks-container=\"59019ccc8aaaa0cfa15fd66f07833b5f\"><div class=\"tb-container-inner\">\n<figure class=\"wp-block-image tb-image tb-image-media tb-image-frame-none\" data-toolset-blocks-image=\"46e5707ceb2c33d91b97e3171b156ddd\"><img decoding=\"async\" width=\"300\" height=\"200\" loading=\"lazy\" src=\"https:\/\/www.songual.es\/wp-content\/uploads\/2021\/03\/free-to-use-sounds-YyqOW5ovgjA-unsplash-300x200.jpg\" alt=\"\" class=\"wp-image-1447\" srcset=\"https:\/\/www.songual.es\/wp-content\/uploads\/2021\/03\/free-to-use-sounds-YyqOW5ovgjA-unsplash-300x200.jpg 300w, https:\/\/www.songual.es\/wp-content\/uploads\/2021\/03\/free-to-use-sounds-YyqOW5ovgjA-unsplash-1024x684.jpg 1024w, https:\/\/www.songual.es\/wp-content\/uploads\/2021\/03\/free-to-use-sounds-YyqOW5ovgjA-unsplash-768x513.jpg 768w, https:\/\/www.songual.es\/wp-content\/uploads\/2021\/03\/free-to-use-sounds-YyqOW5ovgjA-unsplash-1536x1026.jpg 1536w, https:\/\/www.songual.es\/wp-content\/uploads\/2021\/03\/free-to-use-sounds-YyqOW5ovgjA-unsplash-2048x1368.jpg 2048w, https:\/\/www.songual.es\/wp-content\/uploads\/2021\/03\/free-to-use-sounds-YyqOW5ovgjA-unsplash-1320x882.jpg 1320w, https:\/\/www.songual.es\/wp-content\/uploads\/2021\/03\/free-to-use-sounds-YyqOW5ovgjA-unsplash-scaled.jpg 1920w\" sizes=\"auto, (max-width: 300px) 100vw, 300px\" \/><\/figure>\n\n\n\n<div class=\"tb-fields-and-text\" data-toolset-blocks-fields-and-text=\"ef25be5270aa0f76080ef34d2f08d965\"><h5 style=\"text-align: center;\"><strong>SPORT FREUNDLICH<\/strong><\/h5>&#13;\n&#13;\n<hr\/>&#13;\n<p style=\"text-align: center;\">Der perfekte Ort f\u00fcr jede Art von Sport und Aktivit\u00e4t, eingebettet in eine perfekte nat\u00fcrliche Umgebung.<\/p><\/div>\n<\/div><\/div>\n<\/div>\n\n\n\n<div class=\"wp-block-toolset-blocks-grid-column tb-grid-column tb-grid-align-top\" data-toolset-blocks-grid-column=\"3034fbe886c11054e95b46b09d3e4112\">\n<div class=\"wp-block-toolset-blocks-container tb-container\" data-toolset-blocks-container=\"9fcaa8aa8a62ce2f6e16801304dec4c8\"><div class=\"tb-container-inner\">\n<figure class=\"wp-block-image tb-image tb-image-media tb-image-frame-none\" data-toolset-blocks-image=\"db2878ada4525e3ac005455297525a88\"><img decoding=\"async\" width=\"300\" height=\"200\" loading=\"lazy\" src=\"https:\/\/www.songual.es\/wp-content\/uploads\/2020\/12\/shopping-300x200.jpg\" alt=\"\" class=\"wp-image-372\" srcset=\"https:\/\/www.songual.es\/wp-content\/uploads\/2020\/12\/shopping-300x200.jpg 300w, https:\/\/www.songual.es\/wp-content\/uploads\/2020\/12\/shopping-1024x683.jpg 1024w, https:\/\/www.songual.es\/wp-content\/uploads\/2020\/12\/shopping-768x512.jpg 768w, https:\/\/www.songual.es\/wp-content\/uploads\/2020\/12\/shopping-1536x1024.jpg 1536w, https:\/\/www.songual.es\/wp-content\/uploads\/2020\/12\/shopping-2048x1365.jpg 2048w, https:\/\/www.songual.es\/wp-content\/uploads\/2020\/12\/shopping-scaled.jpg 1920w\" sizes=\"auto, (max-width: 300px) 100vw, 300px\" \/><\/figure>\n\n\n\n<div class=\"tb-fields-and-text\" data-toolset-blocks-fields-and-text=\"9aaa7b2068b99708bc7962a21dba9dd5\"><h5 style=\"text-align: center;\"><strong>COSMOPOLITAN<\/strong><\/h5>&#13;\n&#13;\n<hr\/>&#13;\n<p style=\"text-align: center;\">Nur 10 Minuten von Mallorcas Hauptstadt Palma entfernt, mit einem bunten Angebot an Einkaufszentren, Restaurants, Caf\u00e9s.<\/p><\/div>\n<\/div><\/div>\n<\/div>\n<\/div>\n\n\n\n<div class=\"wp-block-cover alignfull has-parallax has-custom-content-position is-position-bottom-left\"><span aria-hidden=\"true\" class=\"wp-block-cover__background has-background-dim-10 has-background-dim\"><\/span><div class=\"wp-block-cover__image-background wp-image-1580 has-parallax\" style=\"background-position:50% 50%;background-image:url(https:\/\/www.songual.es\/wp-content\/uploads\/2021\/03\/golf_songual.jpg)\"><\/div><div class=\"wp-block-cover__inner-container is-layout-flow wp-block-cover-is-layout-flow\">\n<p class=\"has-text-align-center has-large-font-size\"><\/p>\n<\/div><\/div>\n<\/div>\n\n<div class=\"wp-block-toolset-blocks-container tb-container\" data-toolset-blocks-container=\"30cf2b109bf5aee1879355dd88529ffe\">\n<div class=\"tb-fields-and-text\" data-toolset-blocks-fields-and-text=\"0dca58675785add1c4553d548eda584b\"><p style=\"text-align: center;\">Erste Wohneinheit bereit am&#13;\n1. Juli 2025<\/p><\/div>\n\n\n\n<div class=\"tb-fields-and-text\" data-toolset-blocks-fields-and-text=\"d53438e1481eebaf3bb0217934a2c0aa\"><p style=\"text-align: center;\">Wir werden Sie regelm\u00e4\u00dfig \u00fcber den Baufortschritt auf dem Laufenden halten.<\/p><\/div>\n\n\n<p>[build-progress-bar start=&#8220;2023-01-01&#8243; end=&#8220;2025-07-01&#8243;]<\/p>\n<\/div>\n\n<div class=\"wp-block-toolset-blocks-container tb-container alignfull\" data-toolset-blocks-container=\"deffd2cd23ce2dce0f63ca12750b8007\"><div class=\"tb-container-inner\"><div id=\"contact\" class=\"tb-fields-and-text\" data-toolset-blocks-fields-and-text=\"86dcd391b781e248b6280de9386f4702\">\n<h1 style=\"text-align: center;&#x201D;&gt;KONTAKTIEREN SIE UNS&lt;\/h1&gt;&lt;\/div&gt;\"><\/h1>\n<\/div>\n\n\n\n<div class=\"wp-block-toolset-cred-form\"><form  id=\"cred_user_form_1370_1_1\" class=\"cred-user-form cred-keep-original\" action=\"\/de\/wp-json\/wp\/v2\/pages\/2324?_tt=1776854489\" data-form=\"{&quot;form_id&quot;:&quot;cred_user_form_1370_1_1&quot;,&quot;use_ajax&quot;:&quot;0&quot;,&quot;wpv_page&quot;:1}\" data-conditionals=\"[]\" method=\"post\">\r\n<div class=\"form-container-fluid\">\r\n\t<div class=\"row\">\r\n\t\t<div class=\"col-md-12\">\r\n\t\t\t<div id=\"wpt-form-message-1370\"\n\t\t\t              data-message-single=\"Der Benutzer wurde aufgrund des folgenden Problems nicht gespeichert:\"\n\t\t\t              data-message-plural=\"Der Benutzer wurde aufgrund der folgenden %NN-Probleme nicht gespeichert:\"\n\t\t\t              style=\"display:none;\" class=\"wpt-top-form-error wpt-form-error wpt-form-error-wrapper alert alert-danger alert alert-warning\"><\/div>\r\n\t\t<\/div>\r\n\t<\/div>\r\n\t<div class=\"row\">\r\n\t<\/div>\r\n\t<div class=\"row\">\r\n\t<\/div>\r\n\t<div class=\"row\">\r\n\t<\/div>\r\n\t<div class=\"row\">\r\n\t\t<div class=\"form-group col-md-6\">\r\n\t\t\t<label>Vorname<\/label>\r\n\t\t\t<div class=\"js-wpt-field-items js-wpt-repetitive wpt-repetitive\" data-initial-conditional=\"\" data-item_name=\"textfield-first_name\">\r\n<input type=\"text\" id=\"cred_user_form_1370_1_1_first_name\" name=\"first_name\" value=\"\" class=\"form-control wpt-form-textfield form-textfield textfield\" output=\"bootstrap\" preset_value=\"\" urlparam=\"\" preview=\"\" previewsize=\"\" select_label=\"\" edit_label=\"\" value_escape=\"\" make_readonly=\"\" placeholder=\"\" select_text=\"\" data-wpt-type=\"textfield\" data-wpt-id=\"cred_user_form_1370_1_1_cred_user_form_1370_1_1_first_name\" data-wpt-name=\"first_name\" \/>\r\n<\/div>\r\n\t\t<\/div>\r\n\t\t<div class=\"form-group col-md-6\">\r\n\t\t\t<label>Nachname<\/label>\r\n\t\t\t<div class=\"js-wpt-field-items js-wpt-repetitive wpt-repetitive\" data-initial-conditional=\"\" data-item_name=\"textfield-last_name\">\r\n<input type=\"text\" id=\"cred_user_form_1370_1_1_last_name\" name=\"last_name\" value=\"\" class=\"form-control wpt-form-textfield form-textfield textfield\" output=\"bootstrap\" preset_value=\"\" urlparam=\"\" preview=\"\" previewsize=\"\" select_label=\"\" edit_label=\"\" value_escape=\"\" make_readonly=\"\" placeholder=\"\" select_text=\"\" data-wpt-type=\"textfield\" data-wpt-id=\"cred_user_form_1370_1_1_cred_user_form_1370_1_1_last_name\" data-wpt-name=\"last_name\" \/>\r\n<\/div>\r\n\t\t<\/div>\r\n\t<\/div>\r\n\t<div class=\"row\">\r\n\t\t<div class=\"form-group col-md-6\">\r\n\t\t\t<label>Email<\/label>\r\n\t\t\t<div class=\"js-wpt-field-items js-wpt-repetitive wpt-repetitive\" data-initial-conditional=\"\" data-item_name=\"email-user_email\">\r\n<input type=\"text\" id=\"cred_user_form_1370_1_1_user_email\" name=\"user_email\" value=\"\" preset_value=\"\" urlparam=\"\" make_readonly=\"\" max_width=\"\" max_height=\"\" class=\"form-control wpt-form-textfield form-textfield textfield\" output=\"bootstrap\" placeholder=\"\" data-wpt-validate=\"{&quot;email&quot;:{&quot;args&quot;:{&quot;1&quot;:true},&quot;message&quot;:&quot;Bitte geben Sie eine g\u00fcltige E-Mail Adresse ein&quot;},&quot;required&quot;:{&quot;args&quot;:{&quot;1&quot;:true},&quot;message&quot;:&quot;Dieses Feld ist erforderlich&quot;}}\" data-wpt-field-title=\"E-Mail\" data-parsley-type=\"email\" data-parsley-error-message=\"Bitte geben Sie eine g\u00fcltige E-Mail Adresse ein\" data-parsley-required=\"true\" data-parsley-required-message=\"Dieses Feld ist erforderlich\" data-parsley-credfilesize=\"268435456\" data-wpt-type=\"textfield\" data-wpt-id=\"cred_user_form_1370_1_1_cred_user_form_1370_1_1_user_email\" data-wpt-name=\"user_email\" \/>\r\n<\/div>\r\n\t\t<\/div>\r\n\t\t<div class=\"form-group col-md-3\">\r\n\t\t\t<label>Tel:<\/label>\r\n\t\t\t<div class=\"js-wpt-field-items js-wpt-repetitive wpt-repetitive\" data-initial-conditional=\"\" data-item_name=\"phone-wpcf-user-phone\">\r\n<input type=\"text\" id=\"cred_user_form_1370_1_1_user-phone\" name=\"wpcf-user-phone\" value=\"\" class=\"form-control wpt-form-textfield form-textfield textfield\" output=\"bootstrap\" preset_value=\"\" urlparam=\"\" preview=\"\" previewsize=\"\" select_label=\"\" edit_label=\"\" value_escape=\"\" make_readonly=\"\" placeholder=\"\" select_text=\"\" data-wpt-type=\"textfield\" data-wpt-id=\"cred_user_form_1370_1_1_cred_user_form_1370_1_1_user-phone\" data-wpt-name=\"wpcf-user-phone\" \/>\r\n<\/div>\r\n\t\t<\/div>\r\n\t\t<div class=\"form-group col-md-3\">\r\n\t\t\t<label>Bitte kontaktieren Sie mich per<\/label>\r\n\t\t\t<div class=\"js-wpt-field-items js-wpt-repetitive wpt-repetitive\" data-initial-conditional=\"\" data-item_name=\"radios-wpcf-contact-preference\"><ul class=\"wpt-form-set wpt-form-set-radios wpt-form-set-radios-wpcf-contact-preference\">\r\n<li class=\"wpt-form-item wpt-form-item-radio radio-email form-check\">\r\n\r\n<input type=\"radio\" id=\"cred_user_form_1370_1_1_contact-preference_email\" name=\"wpcf-contact-preference\" value=\"email\" class=\"form-check-input wpt-form-radio form-radio radio\" checked=\"checked\" data-wpt-type=\"radio\" data-wpt-id=\"cred_user_form_1370_1_1_cred_user_form_1370_1_1_contact-preference_email\" data-wpt-name=\"wpcf-contact-preference\" \/><label for=\"cred_user_form_1370_1_1_contact-preference_email\" class=\"wpt-form-label wpt-form-checkbox-label form-check-label\">Email<\/label><\/li>\r\n\r\n<li class=\"wpt-form-item wpt-form-item-radio radio-telefon form-check\">\r\n\r\n<input type=\"radio\" id=\"cred_user_form_1370_1_1_contact-preference_phone\" name=\"wpcf-contact-preference\" value=\"phone\" class=\"form-check-input wpt-form-radio form-radio radio\" data-wpt-type=\"radio\" data-wpt-id=\"cred_user_form_1370_1_1_cred_user_form_1370_1_1_contact-preference_phone\" data-wpt-name=\"wpcf-contact-preference\" \/><label for=\"cred_user_form_1370_1_1_contact-preference_phone\" class=\"wpt-form-label wpt-form-checkbox-label form-check-label\">Telefon<\/label><\/li>\r\n\r\n\r\n<\/ul>\r\n<\/div>\r\n\t\t<\/div>\r\n\t<\/div>\r\n\t<div class=\"row\">\r\n\t\t<div class=\"form-group col-md-12\">\r\n\t\t\t<label>Mitteilung<\/label>\r\n\t\t\t<div class=\"js-wpt-field-items js-wpt-repetitive wpt-repetitive\" data-initial-conditional=\"\" data-item_name=\"textarea-wpcf-user-message\">\r\n<textarea id=\"cred_user_form_1370_1_1_user-message\" name=\"wpcf-user-message\" class=\"form-control wpt-form-textarea form-textarea textarea\" output=\"bootstrap\" preset_value=\"\" urlparam=\"\" preview=\"\" previewsize=\"\" select_label=\"\" edit_label=\"\" value_escape=\"\" make_readonly=\"\" placeholder=\"\" select_text=\"\" rows=\"5\" cols=\"1\" data-wpt-type=\"textarea\" data-wpt-id=\"cred_user_form_1370_1_1_cred_user_form_1370_1_1_user-message\" data-wpt-name=\"wpcf-user-message\"><\/textarea>\r\n\r\n<\/div>\r\n\t\t<\/div>\r\n\t<\/div>\r\n\t<div class=\"hidden\">\r\n\t\t<div class=\"form-group col-md-12\">\r\n\t\t\t<label>Referrer ID<\/label>\r\n\t\t\t<div class=\"js-wpt-field-items js-wpt-repetitive wpt-repetitive\" data-initial-conditional=\"\" data-item_name=\"numeric-wpcf-referrer-id\">\r\n<input type=\"text\" id=\"cred_user_form_1370_1_1_referrer-id\" name=\"wpcf-referrer-id\" value=\"\" class=\"form-control wpt-form-textfield form-textfield textfield\" output=\"bootstrap\" preset_value=\"\" urlparam=\"ref\" preview=\"\" previewsize=\"\" select_label=\"\" edit_label=\"\" value_escape=\"\" make_readonly=\"\" placeholder=\"\" select_text=\"\" data-wpt-validate=\"{&quot;number&quot;:{&quot;args&quot;:{&quot;1&quot;:true},&quot;message&quot;:&quot;Bitte geben Sie numerische Daten ein.&quot;}}\" data-wpt-field-title=\"Referrer ID\" data-parsley-type=\"number\" data-parsley-error-message=\"Bitte geben Sie numerische Daten ein.\" data-wpt-type=\"textfield\" data-wpt-id=\"cred_user_form_1370_1_1_cred_user_form_1370_1_1_referrer-id\" data-wpt-name=\"wpcf-referrer-id\" \/>\r\n<\/div>\r\n\t\t<\/div>\r\n\t<\/div>\r\n\t<div class=\"row\">\r\n\t\t<div class=\"col-md-12\">\r\n          \t<p class=\"small-label-text\">*Ihre pers\u00f6nlichen Daten werden gespeichert und f\u00fcr die \u00dcbersendung der angeforderten Informationen sowie f\u00fcr weitere in unserer <a href=\"https:\/\/www.songual.es\/de\/datenschutzrichtlinie\/\" target=\"_blank\" rel=\"noopener\">Datenschutzerkl\u00e4rung<\/a> beschriebene Zwecke verwendet.<\/p>\r\n\t\t\t\r\n\t\t<\/div>\r\n\t<\/div>\r\n<div class=\"row\">\r\n\t<div class=\"col-md-12\">\r\n\t\t<input type=\"hidden\" id=\"cred_user_form_1370_1_1_agentid\" name=\"agentid\" value=\"\" class=\"wpt-form-hidden form-hidden\" data-wpt-id=\"cred_user_form_1370_1_1_cred_user_form_1370_1_1_agentid\" data-wpt-name=\"agentid\" \/>\r\n\t<\/div>\r\n<\/div>\r\n\t<div class=\"row\">\r\n\t\t<div class=\"col-md-12\">\r\n          \t<div class=\"js-wpt-field-items js-wpt-repetitive wpt-repetitive\" data-initial-conditional=\"\" data-item_name=\"recaptcha-recaptcha\"><div id=\"recaptcha_cred_user_form_1370_1_1_recaptcha\" class=\"g-recaptcha\" data-sitekey=\"6LcCocgbAAAAAIZb6KEROiB82EvzU9yYVsQCDj7b\"><\/div><div class=\"recaptcha_error\" style=\"color:#aa0000;display:none;\">Bitte validieren Sie das reCAPTCHA<\/div>\r\n\r\n<input type=\"text\" id=\"cred_user_form_1370_1_1__recaptcha\" name=\"_recaptcha\" value=\"\" style=\"display:none;\" class=\"wpt-form-textfield form-textfield textfield\" data-wpt-type=\"textfield\" data-wpt-id=\"cred_user_form_1370_1_1_cred_user_form_1370_1_1__recaptcha\" data-wpt-name=\"_recaptcha\" \/>\r\n<\/div>\r\n\t\t\t<input type=\"submit\" id=\"cred_user_form_1370_1_1_form_submit_1\" name=\"form_submit_1\" value=\"SENDEN\" class=\"btn-full wpt-form-submit form-submit submit\" \/>\r\n\t\t<\/div>\r\n\t<\/div>\r\n<\/div>\r\n<input type=\"hidden\" id=\"cred_user_form_1370_1_1__cred_cred_prefix_cred_container_id\" name=\"_cred_cred_prefix_cred_container_id\" value=\"2324\" class=\"wpt-form-hidden form-hidden\" data-wpt-id=\"cred_user_form_1370_1_1_cred_user_form_1370_1_1__cred_cred_prefix_cred_container_id\" data-wpt-name=\"_cred_cred_prefix_cred_container_id\" \/><input type=\"hidden\" id=\"cred_user_form_1370_1_1__cred_cred_prefix_form_id\" name=\"_cred_cred_prefix_form_id\" value=\"1370\" class=\"wpt-form-hidden form-hidden\" data-wpt-id=\"cred_user_form_1370_1_1_cred_user_form_1370_1_1__cred_cred_prefix_form_id\" data-wpt-name=\"_cred_cred_prefix_form_id\" \/><input type=\"hidden\" id=\"cred_user_form_1370_1_1__cred_cred_prefix_form_count\" name=\"_cred_cred_prefix_form_count\" value=\"1\" class=\"wpt-form-hidden form-hidden\" data-wpt-id=\"cred_user_form_1370_1_1_cred_user_form_1370_1_1__cred_cred_prefix_form_count\" data-wpt-name=\"_cred_cred_prefix_form_count\" \/><\/form><\/div>\r\n<\/div><\/div>\n","protected":false},"excerpt":{"rendered":"","protected":false},"author":1,"featured_media":0,"parent":0,"menu_order":0,"comment_status":"closed","ping_status":"closed","template":"","meta":{"footnotes":""},"class_list":["post-2324","page","type-page","status-publish","hentry"],"blocksy_meta":{"styles_descriptor":{"styles":{"desktop":"","tablet":"","mobile":""},"google_fonts":[],"version":6}},"brizy_media":[],"_links":{"self":[{"href":"https:\/\/www.songual.es\/de\/wp-json\/wp\/v2\/pages\/2324","targetHints":{"allow":["GET"]}}],"collection":[{"href":"https:\/\/www.songual.es\/de\/wp-json\/wp\/v2\/pages"}],"about":[{"href":"https:\/\/www.songual.es\/de\/wp-json\/wp\/v2\/types\/page"}],"author":[{"embeddable":true,"href":"https:\/\/www.songual.es\/de\/wp-json\/wp\/v2\/users\/1"}],"replies":[{"embeddable":true,"href":"https:\/\/www.songual.es\/de\/wp-json\/wp\/v2\/comments?post=2324"}],"version-history":[{"count":0,"href":"https:\/\/www.songual.es\/de\/wp-json\/wp\/v2\/pages\/2324\/revisions"}],"wp:attachment":[{"href":"https:\/\/www.songual.es\/de\/wp-json\/wp\/v2\/media?parent=2324"}],"curies":[{"name":"wp","href":"https:\/\/api.w.org\/{rel}","templated":true}]}}